{"id":9725,"date":"2024-11-18T11:31:16","date_gmt":"2024-11-18T10:31:16","guid":{"rendered":"https:\/\/www.micro-sablage-verrier.fr\/politique-des-cookies\/"},"modified":"2024-11-18T11:31:16","modified_gmt":"2024-11-18T10:31:16","slug":"politique-des-cookies","status":"publish","type":"page","link":"https:\/\/preprod.micro-sablage-verrier.fr\/en\/politique-des-cookies\/","title":{"rendered":"Politique des Cookies"},"content":{"rendered":"<div class=\"wpb-content-wrapper\"><p>[vc_row][vc_column][vc_column_text]<\/p>\n<p>[\/vc_column_text][\/vc_column][\/vc_row][vc_row row_height_percent=&#8221;0&#8243; override_padding=&#8221;yes&#8221; h_padding=&#8221;2&#8243; top_padding=&#8221;4&#8243; bottom_padding=&#8221;2&#8243; overlay_alpha=&#8221;50&#8243; gutter_size=&#8221;3&#8243; column_width_percent=&#8221;100&#8243; shift_y=&#8221;0&#8243; z_index=&#8221;0&#8243; uncode_shortcode_id=&#8221;161426&#8243;][vc_column column_width_percent=&#8221;100&#8243; align_horizontal=&#8221;align_center&#8221; gutter_size=&#8221;3&#8243; overlay_alpha=&#8221;50&#8243; shift_x=&#8221;0&#8243; shift_y=&#8221;0&#8243; shift_y_down=&#8221;0&#8243; z_index=&#8221;0&#8243; medium_width=&#8221;0&#8243; mobile_width=&#8221;0&#8243; width=&#8221;1\/1&#8243; uncode_shortcode_id=&#8221;140527&#8243;][vc_custom_heading heading_semantic=&#8221;h1&#8243; text_size=&#8221;&#8221; uncode_shortcode_id=&#8221;295457&#8243;]Politique des cookies[\/vc_custom_heading][\/vc_column][\/vc_row][vc_row row_height_percent=&#8221;0&#8243; override_padding=&#8221;yes&#8221; h_padding=&#8221;2&#8243; top_padding=&#8221;2&#8243; bottom_padding=&#8221;3&#8243; overlay_alpha=&#8221;50&#8243; gutter_size=&#8221;3&#8243; column_width_percent=&#8221;100&#8243; shift_y=&#8221;0&#8243; z_index=&#8221;0&#8243; content_parallax=&#8221;0&#8243; uncode_shortcode_id=&#8221;715816&#8243; shape_dividers=&#8221;&#8221;][vc_column width=&#8221;1\/1&#8243;][vc_custom_heading heading_semantic=&#8221;h1&#8243; text_size=&#8221;h3&#8243; text_weight=&#8221;400&#8243; uncode_shortcode_id=&#8221;103096&#8243;]MSV utilise des cookies afin de vous proposer un service web am\u00e9lior\u00e9 et personnalis\u00e9. Au sein de cette section, nous vous expliquons comment et pourquoi nous utilisons des cookies sur ce site, en toute transparence.[\/vc_custom_heading][vc_column_text uncode_shortcode_id=&#8221;186142&#8243;]<strong>Le fonctionnement des cookies<\/strong><br \/>\nUn cookie est un petit fichier texte enregistr\u00e9, et\/ou lu par votre navigateur, sur le disque dur de votre terminal (par exemple : ordinateur portable ou smartphone) et d\u00e9pos\u00e9 par les sites internet que vous visitez. Quasiment tous les sites utilisent des cookies pour bien fonctionner et optimiser leur ergonomie et leurs fonctionnalit\u00e9s. Les cookies rendent \u00e9galement les interactions avec les sites plus s\u00e9curis\u00e9es et rapides, dans la mesure o\u00f9 ceux-ci peuvent se souvenir de vos pr\u00e9f\u00e9rences (telles que votre identifiant et votre langue) en renvoyant les informations qu\u2019ils contiennent au site d\u2019origine (cookie interne) ou \u00e0 un autre site auquel ils appartiennent (cookie tiers), lorsque vous visitez \u00e0 nouveau le site concern\u00e9 \u00e0 partir du m\u00eame terminal. Le d\u00e9lai de validit\u00e9 du consentement au d\u00e9p\u00f4t des Cookies est port\u00e9 \u00e0 13 mois maximum. \u00c0 l\u2019expiration de ce d\u00e9lai, le consentement devra \u00eatre \u00e0 nouveau recueilli.<\/p>\n<p>Nous utilisons \u00e9galement d\u2019autres technologies offrant des fonctionnalit\u00e9s similaires aux cookies, comme les balises web, pixels et URL de suivi, pour obtenir des Donn\u00e9es de connexion. Par exemple, nos e-mails peuvent contenir des balises web et des URL de tra\u00e7age afin de savoir si vous avez ouvert un message pr\u00e9cis ou acc\u00e9d\u00e9 \u00e0 un lien en particulier.<\/p>\n<p><strong>Quels types de cookies sont utilis\u00e9s sur micro-sablage-verrier.fr<\/strong><br \/>\nComme sur la plupart des sites internet, micro-sablage-verrier.fr utilise des cookies qui peuvent \u00eatre class\u00e9s en quatre cat\u00e9gories :<br \/>\n\u2013 Les cookies indispensables \u00e0 la navigation<br \/>\nCes cookies sont indispensables pour vous permettre de naviguer sur notre site internet et d\u2019utiliser au mieux les diverses fonctionnalit\u00e9s propos\u00e9es.<\/p>\n<p><em>\u2013 Les cookies analytiques de mesure d\u2019audience<\/em><br \/>\nCes cookies recueillent de mani\u00e8re anonyme des informations lors de vos visites sur notre site. Leur objectif est de permettre l\u2019analyse des comportements de navigation sur le site \u00e0 des fins d\u2019optimisation. Ils nous permettent de reconna\u00eetre, de compter le nombre de visiteurs sur notre site et de collecter des informations sur la mani\u00e8re dont notre site est utilis\u00e9. Ces cookies nous permettent d\u2019am\u00e9liorer la navigation et les fonctionnalit\u00e9s du site tout en vous permettant de trouver facilement ce que vous cherchez.<\/p>\n<p><em>\u2013 Les cookies de fonctionnalit\u00e9<\/em><br \/>\nIls sont utilis\u00e9s pour vous reconna\u00eetre lorsque vous revenez sur notre site. Ils nous permettent de vous proposer des fonctionnalit\u00e9s am\u00e9lior\u00e9es, personnalis\u00e9es et une navigation fluide sur notre site en conservant en m\u00e9moire votre historique de navigation. Ils peuvent \u00e9galement vous permettre de b\u00e9n\u00e9ficier d\u2019offres ou de conseils personnalis\u00e9s. Ces cookies collectent des informations anonymes et ne peuvent pas tracer vos d\u00e9placements sur d\u2019autres sites.<\/p>\n<p><em>\u2013 Les cookies publicitaires<\/em><br \/>\nIls enregistrent votre navigation et les pages que vous avez consult\u00e9s sur et en dehors de notre site. Ils sont utilis\u00e9s pour vous afficher des publicit\u00e9s pertinentes en fonction de vos centres d\u2019int\u00e9r\u00eat. Les cookies publicitaires sont notamment utilis\u00e9s pour limiter le nombre de fois o\u00f9 vous voyez une publicit\u00e9. Par ailleurs, ils nous aident \u00e0 mesurer l\u2019efficacit\u00e9 d\u2019une campagne publicitaire. Ils sont principalement g\u00e9r\u00e9s par des r\u00e9gies publicitaires.<\/p>\n<p><strong>Utilisations de cookies tiers<\/strong><br \/>\nMSV utilise des services tiers pour suivre votre navigation sur notre site. Cela nous permet d\u2019am\u00e9liorer votre exp\u00e9rience sur micro-sablage-verrier.fr tout en vous proposant des publicit\u00e9s pertinentes en dehors du site. Ces tierces parties (par exemple : les r\u00e9seaux d\u2019annonceurs, les services d\u2019analyse de trafic web) peuvent \u00e9galement utiliser des cookies que nous ne ma\u00eetrisons pas.\u2028MSV peut utiliser des plugins sociaux fournis et exploit\u00e9s par des soci\u00e9t\u00e9s tierces. En cons\u00e9quence, des informations peuvent \u00eatre envoy\u00e9es aux tiers concernant votre navigation sur notre site. Pour connaitre l\u2019utilisation des donn\u00e9es de la part des tiers, vous devez consulter leur politique de confidentialit\u00e9.[\/vc_column_text][\/vc_column][\/vc_row]<\/p>\n<\/div>","protected":false},"excerpt":{"rendered":"<p>[vc_row][vc_column][vc_column_text] [\/vc_column_text][\/vc_column][\/vc_row][vc_row row_height_percent=&#8221;0&#8243; override_padding=&#8221;yes&#8221; h_padding=&#8221;2&#8243; top_padding=&#8221;4&#8243; bottom_padding=&#8221;2&#8243; overlay_alpha=&#8221;50&#8243; gutter_size=&#8221;3&#8243; column_width_percent=&#8221;100&#8243; shift_y=&#8221;0&#8243; z_index=&#8221;0&#8243; uncode_shortcode_id=&#8221;161426&#8243;][vc_column column_width_percent=&#8221;100&#8243; align_horizontal=&#8221;align_center&#8221; gutter_size=&#8221;3&#8243; overlay_alpha=&#8221;50&#8243; shift_x=&#8221;0&#8243; shift_y=&#8221;0&#8243; shift_y_down=&#8221;0&#8243; [&hellip;]<\/p>\n","protected":false},"author":1,"featured_media":0,"parent":0,"menu_order":0,"comment_status":"closed","ping_status":"closed","template":"","meta":{"_seopress_robots_primary_cat":"","_seopress_titles_title":"","_seopress_titles_desc":"","_seopress_robots_index":"yes","footnotes":"","_links_to":"","_links_to_target":""},"class_list":["post-9725","page","type-page","status-publish","hentry"],"_links":{"self":[{"href":"https:\/\/preprod.micro-sablage-verrier.fr\/en\/wp-json\/wp\/v2\/pages\/9725","targetHints":{"allow":["GET"]}}],"collection":[{"href":"https:\/\/preprod.micro-sablage-verrier.fr\/en\/wp-json\/wp\/v2\/pages"}],"about":[{"href":"https:\/\/preprod.micro-sablage-verrier.fr\/en\/wp-json\/wp\/v2\/types\/page"}],"author":[{"embeddable":true,"href":"https:\/\/preprod.micro-sablage-verrier.fr\/en\/wp-json\/wp\/v2\/users\/1"}],"replies":[{"embeddable":true,"href":"https:\/\/preprod.micro-sablage-verrier.fr\/en\/wp-json\/wp\/v2\/comments?post=9725"}],"version-history":[{"count":2,"href":"https:\/\/preprod.micro-sablage-verrier.fr\/en\/wp-json\/wp\/v2\/pages\/9725\/revisions"}],"predecessor-version":[{"id":9727,"href":"https:\/\/preprod.micro-sablage-verrier.fr\/en\/wp-json\/wp\/v2\/pages\/9725\/revisions\/9727"}],"wp:attachment":[{"href":"https:\/\/preprod.micro-sablage-verrier.fr\/en\/wp-json\/wp\/v2\/media?parent=9725"}],"curies":[{"name":"wp","href":"https:\/\/api.w.org\/{rel}","templated":true}]}}